{"id":7,"date":"2022-05-05T15:47:43","date_gmt":"2022-05-05T15:47:43","guid":{"rendered":"https:\/\/startertemplatecloud.com\/g23\/?page_id=7"},"modified":"2024-01-21T22:43:37","modified_gmt":"2024-01-21T21:43:37","slug":"home","status":"publish","type":"page","link":"https:\/\/www.waldkinderkrippe.de\/","title":{"rendered":"Startseite"},"content":{"rendered":"<style>.kb-row-layout-id7_4f24f5-f4 > .kt-row-column-wrap{align-content:start;}:where(.kb-row-layout-id7_4f24f5-f4 > .kt-row-column-wrap) > .wp-block-kadence-column{justify-content:start;}.kb-row-layout-id7_4f24f5-f4 > .kt-row-column-wrap{column-gap:var(--global-kb-gap-md, 2rem);row-gap:var(--global-kb-gap-md, 2rem);max-width:900px;margin-left:auto;margin-right:auto;padding-top:0px;padding-right:20px;padding-bottom:40px;padding-left:20px;grid-template-columns:minmax(0, 1fr);}.kb-row-layout-id7_4f24f5-f4 > .kt-row-layout-overlay{opacity:0.30;}@media all and (max-width: 1024px){.kb-row-layout-id7_4f24f5-f4 > .kt-row-column-wrap{padding-top:60px;padding-right:30px;padding-bottom:60px;padding-left:30px;grid-template-columns:minmax(0, 1fr);}}@media all and (max-width: 767px){.kb-row-layout-id7_4f24f5-f4 > .kt-row-column-wrap{padding-top:40px;padding-right:20px;padding-bottom:40px;padding-left:20px;grid-template-columns:minmax(0, 1fr);}}<\/style><div class=\"kb-row-layout-wrap kb-row-layout-id7_4f24f5-f4 alignnone wp-block-kadence-rowlayout\"><div class=\"kt-row-column-wrap kt-has-1-columns kt-row-layout-equal kt-tab-layout-inherit kt-mobile-layout-row kt-row-valign-top\">\n<style>.kadence-column7_2b2f2a-67 > .kt-inside-inner-col,.kadence-column7_2b2f2a-67 > .kt-inside-inner-col:before{border-top-left-radius:0px;border-top-right-radius:0px;border-bottom-right-radius:0px;border-bottom-left-radius:0px;}.kadence-column7_2b2f2a-67 > .kt-inside-inner-col{column-gap:var(--global-kb-gap-sm, 1rem);}.kadence-column7_2b2f2a-67 > .kt-inside-inner-col{flex-direction:column;}.kadence-column7_2b2f2a-67 > .kt-inside-inner-col > .aligncenter{width:100%;}.kadence-column7_2b2f2a-67 > .kt-inside-inner-col:before{opacity:0.3;}.kadence-column7_2b2f2a-67{position:relative;}@media all and (max-width: 1024px){.kadence-column7_2b2f2a-67 > .kt-inside-inner-col{flex-direction:column;justify-content:center;}}@media all and (max-width: 767px){.kadence-column7_2b2f2a-67 > .kt-inside-inner-col{flex-direction:column;justify-content:center;}}<\/style>\n<div class=\"wp-block-kadence-column kadence-column7_2b2f2a-67 inner-column-1\"><div class=\"kt-inside-inner-col\">\n<h3 class=\"wp-block-heading has-text-align-center\">Waldkinderkrippe im Rieselfeld<\/h3>\n\n\n\n<p class=\"has-text-align-center\">Wir sind eine Waldeinrichtung f\u00fcr Kinder im Alter von 2 bis 3 Jahren. Unser Waldplatz beinhaltet neben verschiedenen Spielstellen einen Bauwagen mit Wickelst\u00fcbchen und einer Komposttoilette. Hier k\u00f6nnen die Kinder t\u00e4glich von 9.00 bis 13.00 Uhr erste Erfahrungen in der Gruppe sammeln, mit allen Sinnen die Natur im Freispiel erleben, eine Tagesstruktur mit wiederkehrenden Ritualen und einer Begleitung erfahren, die auf Wertsch\u00e4tzung beruht.<\/p>\n<\/div><\/div>\n\n<\/div><\/div>\n\n<div class=\"wp-block-image is-style-default\">\n<figure class=\"aligncenter size-full\"><img loading=\"lazy\" decoding=\"async\" width=\"1024\" height=\"683\" src=\"https:\/\/neu.waldkinderkrippe.de\/wp-content\/uploads\/2023\/07\/waldwagen01.jpg\" alt=\"\" class=\"wp-image-691\" srcset=\"https:\/\/www.waldkinderkrippe.de\/wp-content\/uploads\/2023\/07\/waldwagen01.jpg 1024w, https:\/\/www.waldkinderkrippe.de\/wp-content\/uploads\/2023\/07\/waldwagen01-300x200.jpg 300w, https:\/\/www.waldkinderkrippe.de\/wp-content\/uploads\/2023\/07\/waldwagen01-768x512.jpg 768w\" sizes=\"auto, (max-width: 1024px) 100vw, 1024px\" \/><\/figure>\n<\/div>","protected":false},"excerpt":{"rendered":"<p>Waldkinderkrippe im Rieselfeld Wir sind eine Waldeinrichtung f\u00fcr Kinder im Alter von 2 bis 3 Jahren. Unser Waldplatz beinhaltet neben verschiedenen Spielstellen einen Bauwagen mit Wickelst\u00fcbchen und einer Komposttoilette. Hier k\u00f6nnen die Kinder t\u00e4glich von 9.00 bis 13.00 Uhr erste Erfahrungen in der Gruppe sammeln, mit allen Sinnen die Natur im Freispiel erleben, eine Tagesstruktur&#8230;<\/p>\n","protected":false},"author":1,"featured_media":0,"parent":0,"menu_order":0,"comment_status":"closed","ping_status":"closed","template":"","meta":{"_kadence_starter_templates_imported_post":true,"_kad_post_transparent":"","_kad_post_title":"","_kad_post_layout":"","_kad_post_sidebar_id":"","_kad_post_content_style":"","_kad_post_vertical_padding":"","_kad_post_feature":"","_kad_post_feature_position":"","_kad_post_header":false,"_kad_post_footer":true,"_kad_post_classname":"","footnotes":""},"class_list":["post-7","page","type-page","status-publish","hentry"],"_links":{"self":[{"href":"https:\/\/www.waldkinderkrippe.de\/index.php\/wp-json\/wp\/v2\/pages\/7","targetHints":{"allow":["GET"]}}],"collection":[{"href":"https:\/\/www.waldkinderkrippe.de\/index.php\/wp-json\/wp\/v2\/pages"}],"about":[{"href":"https:\/\/www.waldkinderkrippe.de\/index.php\/wp-json\/wp\/v2\/types\/page"}],"author":[{"embeddable":true,"href":"https:\/\/www.waldkinderkrippe.de\/index.php\/wp-json\/wp\/v2\/users\/1"}],"replies":[{"embeddable":true,"href":"https:\/\/www.waldkinderkrippe.de\/index.php\/wp-json\/wp\/v2\/comments?post=7"}],"version-history":[{"count":21,"href":"https:\/\/www.waldkinderkrippe.de\/index.php\/wp-json\/wp\/v2\/pages\/7\/revisions"}],"predecessor-version":[{"id":798,"href":"https:\/\/www.waldkinderkrippe.de\/index.php\/wp-json\/wp\/v2\/pages\/7\/revisions\/798"}],"wp:attachment":[{"href":"https:\/\/www.waldkinderkrippe.de\/index.php\/wp-json\/wp\/v2\/media?parent=7"}],"curies":[{"name":"wp","href":"https:\/\/api.w.org\/{rel}","templated":true}]}}