{"id":785,"date":"2024-01-21T22:32:28","date_gmt":"2024-01-21T21:32:28","guid":{"rendered":"https:\/\/www.waldkinderkrippe.de\/?page_id=785"},"modified":"2024-01-21T23:04:16","modified_gmt":"2024-01-21T22:04:16","slug":"vorstand","status":"publish","type":"page","link":"https:\/\/www.waldkinderkrippe.de\/index.php\/vorstand\/","title":{"rendered":"Vorstand"},"content":{"rendered":"\n<p class=\"has-text-align-center\">Seit November 2021 ist <strong>Ann-Kathrin Seyfried<\/strong> erste Vorst\u00e4ndin, <strong>Cornelia L\u00f6ffler<\/strong> zweite Vorst\u00e4ndin. Dar\u00fcber hinaus engagieren sich im erweiterteten Vorstand <strong>Sabrina Ullmann<\/strong> als p\u00e4dagogische Leitung, <strong>Elena K\u00f6nig<\/strong> als Elternbeir\u00e4tin, <strong>Stephan Hermann-Strau\u00df<\/strong> als IT-Helferlein, sowie <strong>Thomas Seyfried<\/strong> in Buchhaltungsfragen. In K\u00fcrze k\u00f6nnt ihr hier unsere aktuelle Satzung herunterladen.<\/p>\n","protected":false},"excerpt":{"rendered":"<p>Seit November 2021 ist Ann-Kathrin Seyfried erste Vorst\u00e4ndin, Cornelia L\u00f6ffler zweite Vorst\u00e4ndin. Dar\u00fcber hinaus engagieren sich im erweiterteten Vorstand Sabrina Ullmann als p\u00e4dagogische Leitung, Elena K\u00f6nig als Elternbeir\u00e4tin, Stephan Hermann-Strau\u00df als IT-Helferlein, sowie Thomas Seyfried in Buchhaltungsfragen. In K\u00fcrze k\u00f6nnt ihr hier unsere aktuelle Satzung herunterladen.<\/p>\n","protected":false},"author":1,"featured_media":0,"parent":0,"menu_order":0,"comment_status":"closed","ping_status":"closed","template":"","meta":{"_kadence_starter_templates_imported_post":false,"_kad_post_transparent":"","_kad_post_title":"hide","_kad_post_layout":"narrow","_kad_post_sidebar_id":"","_kad_post_content_style":"unboxed","_kad_post_vertical_padding":"hide","_kad_post_feature":"hide","_kad_post_feature_position":"","_kad_post_header":false,"_kad_post_footer":true,"_kad_post_classname":"","footnotes":""},"class_list":["post-785","page","type-page","status-publish","hentry"],"_links":{"self":[{"href":"https:\/\/www.waldkinderkrippe.de\/index.php\/wp-json\/wp\/v2\/pages\/785","targetHints":{"allow":["GET"]}}],"collection":[{"href":"https:\/\/www.waldkinderkrippe.de\/index.php\/wp-json\/wp\/v2\/pages"}],"about":[{"href":"https:\/\/www.waldkinderkrippe.de\/index.php\/wp-json\/wp\/v2\/types\/page"}],"author":[{"embeddable":true,"href":"https:\/\/www.waldkinderkrippe.de\/index.php\/wp-json\/wp\/v2\/users\/1"}],"replies":[{"embeddable":true,"href":"https:\/\/www.waldkinderkrippe.de\/index.php\/wp-json\/wp\/v2\/comments?post=785"}],"version-history":[{"count":3,"href":"https:\/\/www.waldkinderkrippe.de\/index.php\/wp-json\/wp\/v2\/pages\/785\/revisions"}],"predecessor-version":[{"id":797,"href":"https:\/\/www.waldkinderkrippe.de\/index.php\/wp-json\/wp\/v2\/pages\/785\/revisions\/797"}],"wp:attachment":[{"href":"https:\/\/www.waldkinderkrippe.de\/index.php\/wp-json\/wp\/v2\/media?parent=785"}],"curies":[{"name":"wp","href":"https:\/\/api.w.org\/{rel}","templated":true}]}}